{"id":425,"date":"2019-06-11T19:33:04","date_gmt":"2019-06-11T19:33:04","guid":{"rendered":"http:\/\/newtonfreiremaia.com.br\/?page_id=425"},"modified":"2025-06-05T19:05:40","modified_gmt":"2025-06-05T19:05:40","slug":"ix-feira-de-projetos-e-profissoes","status":"publish","type":"page","link":"https:\/\/newtonfreiremaia.com.br\/?page_id=425","title":{"rendered":"IX Feira de Projetos e Profiss\u00f5es"},"content":{"rendered":"<h1 style=\"text-align: center;\"><em><span style=\"color: #008000;\"><strong>FEIRA DE PROFISS\u00d5ES 2025<\/strong><\/span><\/em><\/h1>\n<p style=\"text-align: center;\"><img loading=\"lazy\" decoding=\"async\" class=\"alignnone size-large wp-image-1321\" src=\"http:\/\/newtonfreiremaia.com.br\/wp-content\/uploads\/2025\/06\/Texto-do-seu-par\u00e1grafo-1-1024x858.jpg\" alt=\"\" width=\"474\" height=\"397\" srcset=\"https:\/\/newtonfreiremaia.com.br\/wp-content\/uploads\/2025\/06\/Texto-do-seu-par\u00e1grafo-1-1024x858.jpg 1024w, https:\/\/newtonfreiremaia.com.br\/wp-content\/uploads\/2025\/06\/Texto-do-seu-par\u00e1grafo-1-300x251.jpg 300w, https:\/\/newtonfreiremaia.com.br\/wp-content\/uploads\/2025\/06\/Texto-do-seu-par\u00e1grafo-1-768x644.jpg 768w, https:\/\/newtonfreiremaia.com.br\/wp-content\/uploads\/2025\/06\/Texto-do-seu-par\u00e1grafo-1-500x419.jpg 500w\" sizes=\"auto, (max-width: 474px) 100vw, 474px\" \/><\/p>\n<h4 style=\"text-align: center;\"><strong>Cadastro obrigat\u00f3rio tanto para<br \/>\n<\/strong><strong>Col\u00e9gios\/Escolas quanto para<br \/>\na comunidade em geral.<br \/>\nCada grupo tem seu link de cadastro.<\/strong><\/h4>\n<h3 style=\"text-align: center;\"><span style=\"color: #339966;\"><strong>LINKS PARA CADASTRO DE VISITA\u00c7\u00c3O NA FEIRA 2025 (OBRIGAT\u00d3RIO)<\/strong><\/span><\/h3>\n<h2 style=\"text-align: center;\"><a href=\"https:\/\/docs.google.com\/forms\/d\/e\/1FAIpQLSd2A_FTlR7FFzXQef7RYdn1zHlVkHPbnhgRq3ofUIDF1D45wQ\/viewform?usp=header\"><strong>COL\u00c9GIOS\/ESCOLAS<\/strong><\/a><\/h2>\n<h2 style=\"text-align: center;\"><a href=\"https:\/\/forms.gle\/2CMmSC3kVdeZmKbn9\">COMUNIDADE<\/a><\/h2>\n","protected":false},"excerpt":{"rendered":"<p>FEIRA DE PROFISS\u00d5ES 2025 Cadastro obrigat\u00f3rio tanto para Col\u00e9gios\/Escolas quanto para a comunidade em geral. Cada grupo tem seu link de cadastro. LINKS PARA CADASTRO DE VISITA\u00c7\u00c3O NA FEIRA 2025 (OBRIGAT\u00d3RIO) COL\u00c9GIOS\/ESCOLAS COMUNIDADE<\/p>\n","protected":false},"author":1,"featured_media":0,"parent":0,"menu_order":0,"comment_status":"closed","ping_status":"closed","template":"","meta":{"footnotes":""},"class_list":["post-425","page","type-page","status-publish","hentry"],"_links":{"self":[{"href":"https:\/\/newtonfreiremaia.com.br\/index.php?rest_route=\/wp\/v2\/pages\/425","targetHints":{"allow":["GET"]}}],"collection":[{"href":"https:\/\/newtonfreiremaia.com.br\/index.php?rest_route=\/wp\/v2\/pages"}],"about":[{"href":"https:\/\/newtonfreiremaia.com.br\/index.php?rest_route=\/wp\/v2\/types\/page"}],"author":[{"embeddable":true,"href":"https:\/\/newtonfreiremaia.com.br\/index.php?rest_route=\/wp\/v2\/users\/1"}],"replies":[{"embeddable":true,"href":"https:\/\/newtonfreiremaia.com.br\/index.php?rest_route=%2Fwp%2Fv2%2Fcomments&post=425"}],"version-history":[{"count":24,"href":"https:\/\/newtonfreiremaia.com.br\/index.php?rest_route=\/wp\/v2\/pages\/425\/revisions"}],"predecessor-version":[{"id":1327,"href":"https:\/\/newtonfreiremaia.com.br\/index.php?rest_route=\/wp\/v2\/pages\/425\/revisions\/1327"}],"wp:attachment":[{"href":"https:\/\/newtonfreiremaia.com.br\/index.php?rest_route=%2Fwp%2Fv2%2Fmedia&parent=425"}],"curies":[{"name":"wp","href":"https:\/\/api.w.org\/{rel}","templated":true}]}}