{"id":31,"date":"2016-06-16T19:00:24","date_gmt":"2016-06-16T19:00:24","guid":{"rendered":"http:\/\/newtonfreiremaia.com.br\/?page_id=31"},"modified":"2026-02-23T14:51:46","modified_gmt":"2026-02-23T14:51:46","slug":"cursos","status":"publish","type":"page","link":"https:\/\/newtonfreiremaia.com.br\/?page_id=31","title":{"rendered":"Cursos"},"content":{"rendered":"<p><strong>CURSOS A PARTIR DE 2025<\/strong><\/p>\n<hr \/>\n<p><strong>INTEGRADO<\/strong><br \/>T\u00e9cnico em Agropecu\u00e1ria &#8211; 1\u00bas e 2\u00ba anos &#8211; MATRIZ<img loading=\"lazy\" decoding=\"async\" class=\"alignnone size-large wp-image-1450\" src=\"https:\/\/newtonfreiremaia.com.br\/wp-content\/uploads\/2026\/02\/Agropecuaria_1o-e-2o-matriz-2525.docx_page-0001-725x1024.jpg\" alt=\"\" width=\"474\" height=\"669\" srcset=\"https:\/\/newtonfreiremaia.com.br\/wp-content\/uploads\/2026\/02\/Agropecuaria_1o-e-2o-matriz-2525.docx_page-0001-725x1024.jpg 725w, https:\/\/newtonfreiremaia.com.br\/wp-content\/uploads\/2026\/02\/Agropecuaria_1o-e-2o-matriz-2525.docx_page-0001-212x300.jpg 212w, https:\/\/newtonfreiremaia.com.br\/wp-content\/uploads\/2026\/02\/Agropecuaria_1o-e-2o-matriz-2525.docx_page-0001-768x1085.jpg 768w, https:\/\/newtonfreiremaia.com.br\/wp-content\/uploads\/2026\/02\/Agropecuaria_1o-e-2o-matriz-2525.docx_page-0001-500x706.jpg 500w, https:\/\/newtonfreiremaia.com.br\/wp-content\/uploads\/2026\/02\/Agropecuaria_1o-e-2o-matriz-2525.docx_page-0001-1087x1536.jpg 1087w, https:\/\/newtonfreiremaia.com.br\/wp-content\/uploads\/2026\/02\/Agropecuaria_1o-e-2o-matriz-2525.docx_page-0001-1450x2048.jpg 1450w, https:\/\/newtonfreiremaia.com.br\/wp-content\/uploads\/2026\/02\/Agropecuaria_1o-e-2o-matriz-2525.docx_page-0001-scaled.jpg 1812w\" sizes=\"auto, (max-width: 474px) 100vw, 474px\" \/><br \/>T\u00e9cnico em Agropecu\u00e1ria &#8211; 3 Anos &#8211; MATRIZ<img loading=\"lazy\" decoding=\"async\" class=\"alignnone size-large wp-image-1451\" src=\"https:\/\/newtonfreiremaia.com.br\/wp-content\/uploads\/2026\/02\/Agropecuaria_3o-ANO-1650_page-0003-724x1024.jpg\" alt=\"\" width=\"474\" height=\"670\" srcset=\"https:\/\/newtonfreiremaia.com.br\/wp-content\/uploads\/2026\/02\/Agropecuaria_3o-ANO-1650_page-0003-724x1024.jpg 724w, https:\/\/newtonfreiremaia.com.br\/wp-content\/uploads\/2026\/02\/Agropecuaria_3o-ANO-1650_page-0003-212x300.jpg 212w, https:\/\/newtonfreiremaia.com.br\/wp-content\/uploads\/2026\/02\/Agropecuaria_3o-ANO-1650_page-0003-768x1086.jpg 768w, https:\/\/newtonfreiremaia.com.br\/wp-content\/uploads\/2026\/02\/Agropecuaria_3o-ANO-1650_page-0003-500x707.jpg 500w, https:\/\/newtonfreiremaia.com.br\/wp-content\/uploads\/2026\/02\/Agropecuaria_3o-ANO-1650_page-0003-1086x1536.jpg 1086w, https:\/\/newtonfreiremaia.com.br\/wp-content\/uploads\/2026\/02\/Agropecuaria_3o-ANO-1650_page-0003-1448x2048.jpg 1448w, https:\/\/newtonfreiremaia.com.br\/wp-content\/uploads\/2026\/02\/Agropecuaria_3o-ANO-1650_page-0003-scaled.jpg 1811w\" sizes=\"auto, (max-width: 474px) 100vw, 474px\" \/> <img loading=\"lazy\" decoding=\"async\" class=\"alignnone size-large wp-image-1452\" src=\"https:\/\/newtonfreiremaia.com.br\/wp-content\/uploads\/2026\/02\/Agropecuaria_3o-ANO-1650_page-0004-724x1024.jpg\" alt=\"\" width=\"474\" height=\"670\" srcset=\"https:\/\/newtonfreiremaia.com.br\/wp-content\/uploads\/2026\/02\/Agropecuaria_3o-ANO-1650_page-0004-724x1024.jpg 724w, https:\/\/newtonfreiremaia.com.br\/wp-content\/uploads\/2026\/02\/Agropecuaria_3o-ANO-1650_page-0004-212x300.jpg 212w, https:\/\/newtonfreiremaia.com.br\/wp-content\/uploads\/2026\/02\/Agropecuaria_3o-ANO-1650_page-0004-768x1086.jpg 768w, https:\/\/newtonfreiremaia.com.br\/wp-content\/uploads\/2026\/02\/Agropecuaria_3o-ANO-1650_page-0004-500x707.jpg 500w, https:\/\/newtonfreiremaia.com.br\/wp-content\/uploads\/2026\/02\/Agropecuaria_3o-ANO-1650_page-0004-1086x1536.jpg 1086w, https:\/\/newtonfreiremaia.com.br\/wp-content\/uploads\/2026\/02\/Agropecuaria_3o-ANO-1650_page-0004-1448x2048.jpg 1448w, https:\/\/newtonfreiremaia.com.br\/wp-content\/uploads\/2026\/02\/Agropecuaria_3o-ANO-1650_page-0004-scaled.jpg 1811w\" sizes=\"auto, (max-width: 474px) 100vw, 474px\" \/><br \/>T\u00e9cnico em Sistemas de Energia Renov\u00e1vel &#8211; 1\u00bas e 2\u00bas anos &#8211; MATRIZ<img loading=\"lazy\" decoding=\"async\" class=\"alignnone size-large wp-image-1453\" src=\"https:\/\/newtonfreiremaia.com.br\/wp-content\/uploads\/2026\/02\/SER_1o-e-2o-matriz-2535.docx_page-0001-725x1024.jpg\" alt=\"\" width=\"474\" height=\"669\" srcset=\"https:\/\/newtonfreiremaia.com.br\/wp-content\/uploads\/2026\/02\/SER_1o-e-2o-matriz-2535.docx_page-0001-725x1024.jpg 725w, https:\/\/newtonfreiremaia.com.br\/wp-content\/uploads\/2026\/02\/SER_1o-e-2o-matriz-2535.docx_page-0001-212x300.jpg 212w, https:\/\/newtonfreiremaia.com.br\/wp-content\/uploads\/2026\/02\/SER_1o-e-2o-matriz-2535.docx_page-0001-768x1085.jpg 768w, https:\/\/newtonfreiremaia.com.br\/wp-content\/uploads\/2026\/02\/SER_1o-e-2o-matriz-2535.docx_page-0001-500x706.jpg 500w, https:\/\/newtonfreiremaia.com.br\/wp-content\/uploads\/2026\/02\/SER_1o-e-2o-matriz-2535.docx_page-0001-1087x1536.jpg 1087w, https:\/\/newtonfreiremaia.com.br\/wp-content\/uploads\/2026\/02\/SER_1o-e-2o-matriz-2535.docx_page-0001-1450x2048.jpg 1450w, https:\/\/newtonfreiremaia.com.br\/wp-content\/uploads\/2026\/02\/SER_1o-e-2o-matriz-2535.docx_page-0001-scaled.jpg 1812w\" sizes=\"auto, (max-width: 474px) 100vw, 474px\" \/><br \/>T\u00e9cnico em Sistemas de Energia Renov\u00e1vel &#8211; 3\u00bas anos &#8211; MATRIZ<img loading=\"lazy\" decoding=\"async\" class=\"alignnone size-large wp-image-1454\" src=\"https:\/\/newtonfreiremaia.com.br\/wp-content\/uploads\/2026\/02\/SER_3o-matriz_page-0001-724x1024.jpg\" alt=\"\" width=\"474\" height=\"670\" srcset=\"https:\/\/newtonfreiremaia.com.br\/wp-content\/uploads\/2026\/02\/SER_3o-matriz_page-0001-724x1024.jpg 724w, https:\/\/newtonfreiremaia.com.br\/wp-content\/uploads\/2026\/02\/SER_3o-matriz_page-0001-212x300.jpg 212w, https:\/\/newtonfreiremaia.com.br\/wp-content\/uploads\/2026\/02\/SER_3o-matriz_page-0001-768x1086.jpg 768w, https:\/\/newtonfreiremaia.com.br\/wp-content\/uploads\/2026\/02\/SER_3o-matriz_page-0001-500x707.jpg 500w, https:\/\/newtonfreiremaia.com.br\/wp-content\/uploads\/2026\/02\/SER_3o-matriz_page-0001-1086x1536.jpg 1086w, https:\/\/newtonfreiremaia.com.br\/wp-content\/uploads\/2026\/02\/SER_3o-matriz_page-0001-1448x2048.jpg 1448w, https:\/\/newtonfreiremaia.com.br\/wp-content\/uploads\/2026\/02\/SER_3o-matriz_page-0001-scaled.jpg 1811w\" sizes=\"auto, (max-width: 474px) 100vw, 474px\" \/><br \/>T\u00e9cnico em Agroneg\u00f3cio &#8211; MATRIZ<img loading=\"lazy\" decoding=\"async\" class=\"alignnone size-large wp-image-1456\" src=\"https:\/\/newtonfreiremaia.com.br\/wp-content\/uploads\/2026\/02\/2523_Matriz_Agronegocio_Integrado_2026.docx-2_page-0001-725x1024.jpg\" alt=\"\" width=\"474\" height=\"669\" srcset=\"https:\/\/newtonfreiremaia.com.br\/wp-content\/uploads\/2026\/02\/2523_Matriz_Agronegocio_Integrado_2026.docx-2_page-0001-725x1024.jpg 725w, https:\/\/newtonfreiremaia.com.br\/wp-content\/uploads\/2026\/02\/2523_Matriz_Agronegocio_Integrado_2026.docx-2_page-0001-212x300.jpg 212w, https:\/\/newtonfreiremaia.com.br\/wp-content\/uploads\/2026\/02\/2523_Matriz_Agronegocio_Integrado_2026.docx-2_page-0001-768x1085.jpg 768w, https:\/\/newtonfreiremaia.com.br\/wp-content\/uploads\/2026\/02\/2523_Matriz_Agronegocio_Integrado_2026.docx-2_page-0001-500x706.jpg 500w, https:\/\/newtonfreiremaia.com.br\/wp-content\/uploads\/2026\/02\/2523_Matriz_Agronegocio_Integrado_2026.docx-2_page-0001-1087x1536.jpg 1087w, https:\/\/newtonfreiremaia.com.br\/wp-content\/uploads\/2026\/02\/2523_Matriz_Agronegocio_Integrado_2026.docx-2_page-0001-1450x2048.jpg 1450w, https:\/\/newtonfreiremaia.com.br\/wp-content\/uploads\/2026\/02\/2523_Matriz_Agronegocio_Integrado_2026.docx-2_page-0001-scaled.jpg 1812w\" sizes=\"auto, (max-width: 474px) 100vw, 474px\" \/><\/p>\n\n\n<p><\/p>\n","protected":false},"excerpt":{"rendered":"<p>CURSOS A PARTIR DE 2025 INTEGRADOT\u00e9cnico em Agropecu\u00e1ria &#8211; 1\u00bas e 2\u00ba anos &#8211; MATRIZT\u00e9cnico em Agropecu\u00e1ria &#8211; 3 Anos &#8211; MATRIZ T\u00e9cnico em Sistemas de Energia Renov\u00e1vel &#8211; 1\u00bas e 2\u00bas anos &#8211; MATRIZT\u00e9cnico em Sistemas de Energia Renov\u00e1vel &#8211; 3\u00bas anos &#8211; MATRIZT\u00e9cnico em Agroneg\u00f3cio &#8211; MATRIZ<\/p>\n","protected":false},"author":1,"featured_media":0,"parent":0,"menu_order":0,"comment_status":"closed","ping_status":"closed","template":"","meta":{"footnotes":""},"class_list":["post-31","page","type-page","status-publish","hentry"],"_links":{"self":[{"href":"https:\/\/newtonfreiremaia.com.br\/index.php?rest_route=\/wp\/v2\/pages\/31","targetHints":{"allow":["GET"]}}],"collection":[{"href":"https:\/\/newtonfreiremaia.com.br\/index.php?rest_route=\/wp\/v2\/pages"}],"about":[{"href":"https:\/\/newtonfreiremaia.com.br\/index.php?rest_route=\/wp\/v2\/types\/page"}],"author":[{"embeddable":true,"href":"https:\/\/newtonfreiremaia.com.br\/index.php?rest_route=\/wp\/v2\/users\/1"}],"replies":[{"embeddable":true,"href":"https:\/\/newtonfreiremaia.com.br\/index.php?rest_route=%2Fwp%2Fv2%2Fcomments&post=31"}],"version-history":[{"count":24,"href":"https:\/\/newtonfreiremaia.com.br\/index.php?rest_route=\/wp\/v2\/pages\/31\/revisions"}],"predecessor-version":[{"id":1457,"href":"https:\/\/newtonfreiremaia.com.br\/index.php?rest_route=\/wp\/v2\/pages\/31\/revisions\/1457"}],"wp:attachment":[{"href":"https:\/\/newtonfreiremaia.com.br\/index.php?rest_route=%2Fwp%2Fv2%2Fmedia&parent=31"}],"curies":[{"name":"wp","href":"https:\/\/api.w.org\/{rel}","templated":true}]}}