{"id":171,"date":"2016-06-28T20:33:00","date_gmt":"2016-06-28T20:33:00","guid":{"rendered":"http:\/\/newtonfreiremaia.com.br\/?page_id=171"},"modified":"2026-02-24T17:01:32","modified_gmt":"2026-02-24T17:01:32","slug":"modelos","status":"publish","type":"page","link":"https:\/\/newtonfreiremaia.com.br\/?page_id=171","title":{"rendered":"Modelo de relat\u00f3rios &#8211; projetos e TCC&#8217;s"},"content":{"rendered":"<h2><a href=\"https:\/\/newtonfreiremaia.com.br\/wp-content\/uploads\/2026\/02\/MODELO_TCC_2026_CEEP-NFM.docx.pdf\"><span style=\"color: #000080;\">Modelo TCC 2026<\/span><\/a><\/h2>\n<hr \/>\n<h2><a href=\"https:\/\/newtonfreiremaia.com.br\/wp-content\/uploads\/2026\/02\/MODELO_PROJETO_DE_PESQUISA_2026_CEEP-NFM.docx.pdf\"><span style=\"color: #000080;\">Modelo Projeto de Pesquisa 2026<\/span><\/a><\/h2>\n<hr \/>\n<h2>\u00a0<\/h2>\n\n\n<h2 class=\"wp-block-heading\">BANCO DE TCC\u00b4s<\/h2>\n\n\n\n<p>TCC\u00b4s e Apresenta\u00e7\u00f5es 2024<\/p>\n\n\n\n<ul class=\"wp-block-list\">\n<li><a href=\"http:\/\/newtonfreiremaia.com.br\/wp-content\/uploads\/2025\/02\/Apresentac\u0327a\u0303o-TCC.pdf.pdf\">Apresentac\u0327a\u0303o-TCC<\/a><\/li>\n\n\n\n<li><a href=\"http:\/\/newtonfreiremaia.com.br\/wp-content\/uploads\/2025\/02\/A-UTILIZA\u00c7\u00c3O-DE-RES\u00cdDUOS-ELETR\u00d4NICOS-NA-CONSTRU\u00c7\u00c3O-DE-REFRIGERADORES-PELTIER.pdf\">A UTILIZA\u00c7\u00c3O DE RES\u00cdDUOS ELETR\u00d4NICOS NA CONSTRU\u00c7\u00c3O DE REFRIGERADORES PELTIER<\/a><\/li>\n\n\n\n<li><a href=\"http:\/\/newtonfreiremaia.com.br\/wp-content\/uploads\/2025\/02\/TCC-ESTUDO-DE-VIABILIDADE-TE\u0301CNICA-DE-SISTEMAS-FOTOVOLTAICOS-OFF-GRID-EM-SALAS-DE-ORDENHA-DE-PEQUENO-E-.pdf\">TCC &#8211; ESTUDO DE VIABILIDADE TE\u0301CNICA DE SISTEMAS FOTOVOLTAICOS OFF-GRID EM SALAS DE ORDENHA DE PEQUENO E<\/a><\/li>\n\n\n\n<li><a href=\"http:\/\/newtonfreiremaia.com.br\/wp-content\/uploads\/2025\/02\/POTENCIAL-ENERG\u00c9TICO-DAS-MICROALGAS.pdf\">POTENCIAL ENERG\u00c9TICO DAS MICROALGAS<\/a><\/li>\n\n\n\n<li><a href=\"http:\/\/newtonfreiremaia.com.br\/wp-content\/uploads\/2025\/02\/APLICATIVO-ALADUS-uma-nova-perspectiva-da-tecnol.pdf\">APLICATIVO ALADUS<\/a><\/li>\n\n\n\n<li><a href=\"http:\/\/newtonfreiremaia.com.br\/wp-content\/uploads\/2025\/02\/TCC-PROPOSTA-DID\u00c1TICA-PARA-CONSCIENTIZA\u00c7\u00c3O-E-APRENDIZAGEM-SOBRE-ENERGIAS-RENOV\u00c1VEIS-PARA-CRIAN\u00c7AS-.pdf\">TCC &#8211; PROPOSTA DID\u00c1TICA PARA CONSCIENTIZA\u00c7\u00c3O E APRENDIZAGEM SOBRE ENERGIAS RENOV\u00c1VEIS PARA CRIAN\u00c7AS<\/a><\/li>\n\n\n\n<li><a href=\"http:\/\/newtonfreiremaia.com.br\/wp-content\/uploads\/2025\/02\/AN\u00c1LISE-E-PROPOSTA-DE-ADEQUA\u00c7\u00c3O-DAS-INSTALA\u00c7\u00d5ES-EL\u00c9TRICAS-DO-CEEP.pdf\">AN\u00c1LISE E PROPOSTA DE ADEQUA\u00c7\u00c3O DAS INSTALA\u00c7\u00d5ES EL\u00c9TRICAS DO CEEP<\/a><\/li>\n<\/ul>\n\n\n\n<p>AGR\u00cdCOLA 2023<\/p>\n\n\n\n<p><a href=\"http:\/\/newtonfreiremaia.com.br\/wp-content\/uploads\/2024\/08\/Compara\u00e7\u00e3o-entre-IATF-e-IA-em-f\u00eameas-bovinas..pdf\">Compara\u00e7\u00e3o entre IATF e IA em f\u00eameas bovinas.<\/a><br><a href=\"http:\/\/newtonfreiremaia.com.br\/wp-content\/uploads\/2024\/08\/Horta-Urbana.pdf\">Horta Urbana<\/a><br><a href=\"http:\/\/newtonfreiremaia.com.br\/wp-content\/uploads\/2024\/08\/H\u00famus-l\u00edquido-da-minhoca-na-produ\u00e7\u00e3o-de-alface..pdf\">H\u00famus l\u00edquido da minhoca na produ\u00e7\u00e3o de alface.<\/a><br><a href=\"http:\/\/newtonfreiremaia.com.br\/wp-content\/uploads\/2024\/08\/Silagem-de-milho.pdf\">Silagem de milho<\/a><br><a href=\"http:\/\/newtonfreiremaia.com.br\/wp-content\/uploads\/2024\/08\/Uso-de-Beauveria-bassiana-no-controle-biol\u00f3gico-do-moleque-da-bananeira..pdf\">Uso de Beauveria bassiana no controle biol\u00f3gico do moleque da bananeira.<\/a><\/p>\n\n\n\n<hr class=\"wp-block-separator has-css-opacity\"\/>\n\n\n\n<p>AGROPECU\u00c1RIA 2021<\/p>\n\n\n\n<p><a href=\"http:\/\/newtonfreiremaia.com.br\/wp-content\/uploads\/2018\/12\/COLETA-DE-INSETOS-E-MONTAGEM-DE-COLE\u00c7\u00c3O-ENTOMOL\u00d3GICA-PARA-USO-DID\u00c1TICO.pdf\">COLETA DE INSETOS E MONTAGEM DE COLE\u00c7\u00c3O ENTOMOL\u00d3GICA PARA USO DID\u00c1TICO<br><\/a><a href=\"http:\/\/newtonfreiremaia.com.br\/wp-content\/uploads\/2018\/12\/MANEJO-GERAL-DE-POTROS-AT\u00c9-TR\u00caS-ANOS.pdf\">MANEJO GERAL DE POTROS AT\u00c9 TR\u00caS ANOS<br><\/a><a href=\"http:\/\/newtonfreiremaia.com.br\/wp-content\/uploads\/2018\/12\/MANEJO-INTEGRADO-ORG\u00c2NICO-PARA-O-CONTROLE-DO-BIXO-CAPIXABA-Lagria-Villosa-E-DO-\u00c1CARO-RAJADO-Tetranychus-Urticae-NA-CULTURA-DO-MORANGO-CHILENO-Fragaria-Vesca-L..pdf\">MANEJO INTEGRADO ORG\u00c2NICO PARA O CONTROLE DO BIXO CAPIXABA (Lagria Villosa) E DO \u00c1CARO RAJADO( Tetranychus Urticae) NA CULTURA DO MORANGO CHILENO (Fragaria Vesca L.)<br><\/a><a href=\"http:\/\/newtonfreiremaia.com.br\/wp-content\/uploads\/2018\/12\/PRODU\u00c7\u00c3O-DE-COGUMELOS-SHIMEJI-PRETO.pdf\">PRODU\u00c7\u00c3O DE COGUMELOS &#8211; SHIMEJI-PRETO<br><\/a><a href=\"http:\/\/newtonfreiremaia.com.br\/wp-content\/uploads\/2018\/12\/DESEMPENHO-DE-BOVINOS-TERMINADOS-EM-SISTEMA-DE-CONFINAMENTO-E-EM-SISTEMA-DE-PASTEJO-ROTACIONADO.pdf\">DESEMPENHO DE BOVINOS TERMINADOS EM SISTEMA DE CONFINAMENTO E EM SISTEMA DE PASTEJO ROTACIONADO<br><\/a><a href=\"http:\/\/newtonfreiremaia.com.br\/wp-content\/uploads\/2018\/12\/ESTUDO-DA-PRODUTIVIDADE-DE-FRANGO-DE-CORTE-EM-SISTEMA-CONVENCIONAL-COMPARADO-AO-SISTEMA-ALTERNATIVO.pdf\">ESTUDO DA PRODUTIVIDADE DE FRANGO DE CORTE EM SISTEMA CONVENCIONAL COMPARADO AO SISTEMA ALTERNATIVO<br><\/a><a href=\"http:\/\/newtonfreiremaia.com.br\/wp-content\/uploads\/2018\/12\/FABRICA\u00c7\u00c3O-DE-PRESUNTO-CURADO-DE-PORCO-MOURA.pdf\">FABRICA\u00c7\u00c3O DE PRESUNTO CURADO DE PORCO MOURA<br><\/a><a href=\"http:\/\/newtonfreiremaia.com.br\/wp-content\/uploads\/2018\/12\/FABRICA\u00c7\u00c3O-DE-CACHA\u00c7A-ARTESANAL-EM-ALAMBIQUE-CASEIRO.pdf\">FABRICA\u00c7\u00c3O DE CACHA\u00c7A ARTESANAL EM ALAMBIQUE CASEIRO<br><\/a><a href=\"http:\/\/newtonfreiremaia.com.br\/wp-content\/uploads\/2018\/12\/p\u00e3o-artesanal.pdf\">ELABORA\u00c7\u00c3O de PRODUTO ALIMENT\u00cdCIO ARTESANAL A PARTIR DA FARINHA de ORA-PRO-NOBIS<\/a><\/p>\n\n\n\n<hr class=\"wp-block-separator has-css-opacity\"\/>\n\n\n\n<p>AGROPECU\u00c1RIA 2018<\/p>\n\n\n\n<p><a href=\"http:\/\/newtonfreiremaia.com.br\/wp-content\/uploads\/2018\/12\/tcc2018_alimentoalternativosu\u00ednos.pdf\">ALIMENTO ALTERNATIVO SU\u00cdNOS<\/a><br><a href=\"http:\/\/newtonfreiremaia.com.br\/wp-content\/uploads\/2018\/12\/tcc2018_forrageirasdeinverno.pdf\">FORRAGEIRAS DE INVERNO<\/a><br><a href=\"http:\/\/newtonfreiremaia.com.br\/wp-content\/uploads\/2018\/12\/tcc2018_implanta\u00e7\u00e3odemelipon\u00e1rio.pdf\">IMPLANTA\u00c7\u00c3O MELIPON\u00c1RIO<\/a><br><a href=\"http:\/\/newtonfreiremaia.com.br\/wp-content\/uploads\/2018\/12\/tcc2018_indu\u00e7\u00e3odoestro.pdf\">INDU\u00c7\u00c3O DO ESTRO<\/a><br><a href=\"http:\/\/newtonfreiremaia.com.br\/wp-content\/uploads\/2018\/12\/tcc2018_pododermatiteemequ\u00eddeos.pdf\">PODODERMATITE EM EQU\u00cdDEOS<\/a><br><a href=\"http:\/\/newtonfreiremaia.com.br\/wp-content\/uploads\/2018\/12\/tcc2018_preven\u00e7\u00e3odauve\u00edterecorrenteequina.pdf\">PREVEN\u00c7\u00c3O DE UVE\u00cdTE RECORRENTE EQUINA<\/a><br><a href=\"http:\/\/newtonfreiremaia.com.br\/wp-content\/uploads\/2018\/12\/tcc2018_recupera\u00e7\u00e3odepastagem.pdf\">RECUPERA\u00c7\u00c3O DE PASTAGEM<\/a><br><a href=\"http:\/\/newtonfreiremaia.com.br\/wp-content\/uploads\/2018\/12\/tcc2018_silagemdebr\u00e1ssicas.pdf\">SILAGEM DE BR\u00c1SSICAS<\/a><br><a href=\"http:\/\/newtonfreiremaia.com.br\/wp-content\/uploads\/2018\/12\/tcc2018_sistemadecompostbarn.pdf\">SISTEMA DE COMPOST BARN NA PRODU\u00c7\u00c3O LEITEIRA<\/a><\/p>\n\n\n\n<hr class=\"wp-block-separator has-css-opacity\"\/>\n","protected":false},"excerpt":{"rendered":"<p>Modelo TCC 2026 Modelo Projeto de Pesquisa 2026 \u00a0 BANCO DE TCC\u00b4s TCC\u00b4s e Apresenta\u00e7\u00f5es 2024 AGR\u00cdCOLA 2023 Compara\u00e7\u00e3o entre IATF e IA em f\u00eameas bovinas.Horta UrbanaH\u00famus l\u00edquido da minhoca na produ\u00e7\u00e3o de alface.Silagem de milhoUso de Beauveria bassiana no controle biol\u00f3gico do moleque da bananeira. AGROPECU\u00c1RIA 2021 COLETA DE INSETOS E MONTAGEM DE COLE\u00c7\u00c3O &hellip; <a href=\"https:\/\/newtonfreiremaia.com.br\/?page_id=171\" class=\"more-link\">Continue lendo <span class=\"screen-reader-text\">Modelo de relat\u00f3rios &#8211; projetos e TCC&#8217;s<\/span> <span class=\"meta-nav\">&rarr;<\/span><\/a><\/p>\n","protected":false},"author":1,"featured_media":0,"parent":0,"menu_order":0,"comment_status":"closed","ping_status":"closed","template":"","meta":{"footnotes":""},"class_list":["post-171","page","type-page","status-publish","hentry"],"_links":{"self":[{"href":"https:\/\/newtonfreiremaia.com.br\/index.php?rest_route=\/wp\/v2\/pages\/171","targetHints":{"allow":["GET"]}}],"collection":[{"href":"https:\/\/newtonfreiremaia.com.br\/index.php?rest_route=\/wp\/v2\/pages"}],"about":[{"href":"https:\/\/newtonfreiremaia.com.br\/index.php?rest_route=\/wp\/v2\/types\/page"}],"author":[{"embeddable":true,"href":"https:\/\/newtonfreiremaia.com.br\/index.php?rest_route=\/wp\/v2\/users\/1"}],"replies":[{"embeddable":true,"href":"https:\/\/newtonfreiremaia.com.br\/index.php?rest_route=%2Fwp%2Fv2%2Fcomments&post=171"}],"version-history":[{"count":20,"href":"https:\/\/newtonfreiremaia.com.br\/index.php?rest_route=\/wp\/v2\/pages\/171\/revisions"}],"predecessor-version":[{"id":1463,"href":"https:\/\/newtonfreiremaia.com.br\/index.php?rest_route=\/wp\/v2\/pages\/171\/revisions\/1463"}],"wp:attachment":[{"href":"https:\/\/newtonfreiremaia.com.br\/index.php?rest_route=%2Fwp%2Fv2%2Fmedia&parent=171"}],"curies":[{"name":"wp","href":"https:\/\/api.w.org\/{rel}","templated":true}]}}