{"id":15,"date":"2016-06-16T18:44:16","date_gmt":"2016-06-16T18:44:16","guid":{"rendered":"http:\/\/newtonfreiremaia.com.br\/?page_id=15"},"modified":"2024-07-31T20:24:16","modified_gmt":"2024-07-31T20:24:16","slug":"o-ceep","status":"publish","type":"page","link":"https:\/\/newtonfreiremaia.com.br\/?page_id=15","title":{"rendered":"Ceep"},"content":{"rendered":"<p style=\"text-align: justify;\"><strong>HIST\u00d3RICO DA INSTITUI\u00c7\u00c3O<\/strong><\/p>\n<p style=\"text-align: justify;\">O Centro Estadual de Educa\u00e7\u00e3o Profissional Newton Freire Maia, atrav\u00e9s da Resolu\u00e7\u00e3o 894\/05 foi criado em 16 de mar\u00e7o de 2005. Primeiramente chamava-se Col\u00e9gio Estadual Newton Freire Maia &#8211; Ensino M\u00e9dio e Profissional,<br \/>\nrecebeu este nome em homenagem ao cientista Newton Freire Maia.<br \/>\nPosteriormente passou de Col\u00e9gio Estadual Newton Freire Maia \u2013 Ensino M\u00e9dio e Profissional a Centro Estadual de Educa\u00e7\u00e3o Profissional Newton Freire Maia atrav\u00e9s da Resolu\u00e7\u00e3o 948\/06, por se tratar de uma Institui\u00e7\u00e3o destinada<br \/>\nexclusivamente a oferta de Ensino T\u00e9cnico Profissional, localizado na Estrada da Graciosa, no 7.400, km 20, bairro Parque das Nascentes, munic\u00edpio de Pinhais, Estado do Paran\u00e1.<\/p>\n<p style=\"text-align: justify;\">Este CEEP iniciou suas atividades educacionais em 2006 com a oferta do Curso T\u00e9cnico em Meio Ambiente, Modalidade Integrada ao Ensino M\u00e9dio, autorizado pela resolu\u00e7\u00e3o 948\/06 e subsequente autorizado pela resolu\u00e7\u00e3o<br \/>\n949\/06, em 2007 passou a ofertar tamb\u00e9m o Curso T\u00e9cnico em Agropecu\u00e1ria com \u00eanfase em Agroecologia Modalidade Integrada ao Ensino M\u00e9dio com regime de altern\u00e2ncia \u2013 autorizado pela resolu\u00e7\u00e3o 24\/10, em 2007.<\/p>\n<p style=\"text-align: justify;\">A possibilidade de se poder ofertar o curso t\u00e9cnico em Agropecu\u00e1ria para estudantes de munic\u00edpios t\u00e3o distantes foi possibilitada pela ado\u00e7\u00e3o da Pedagogia da Altern\u00e2ncia, cuja concep\u00e7\u00e3o contempla que os estudantes cumpram a carga hor\u00e1ria total do curso em per\u00edodos alternados entre atividades presenciais na institui\u00e7\u00e3o de ensino e atividades complementares em suas propriedades rurais.<\/p>\n<p style=\"text-align: justify;\">No per\u00edodo de 2008 a 2010 ofertou o Curso PROEJA &#8211; Educa\u00e7\u00e3o Profissional Integrada \u00e0 Educa\u00e7\u00e3o de Jovens e Adultos &#8211; em Meio Ambiente, autorizado pela resolu\u00e7\u00e3o 1313\/08. No per\u00edodo de 2010 a 2012 ofertou os Cursos<br \/>\nT\u00e9cnico em Guia de Turismo Regional na modalidade subsequente e T\u00e9cnico em Agropecu\u00e1ria para Comunidades Ind\u00edgenas, Modalidade Integrada com regime de Altern\u00e2ncia, cumprindo assim uma determina\u00e7\u00e3o da Secretaria de<br \/>\nEstado da Educa\u00e7\u00e3o do Paran\u00e1 (SEED), e honrando com o executando de forma emergencial a uma meta do Governo Estadual em ofertar o referido curso para as comunidades ind\u00edgenas, as quais receber\u00e3o um Centro de Educa\u00e7\u00e3o<br \/>\nProfissional para atender esta demanda.<\/p>\n<p style=\"text-align: justify;\">Seguindo com um projeto de forma\u00e7\u00e3o t\u00e9cnica profissional que atenda \u00e0s necessidades locais prop\u00f4s-se a oferta de novos cursos, assim como, melhorias pedag\u00f3gicas nos cursos j\u00e1 ofertados. Nesta perspectiva criaram-se os seguintes<br \/>\ncursos na modalidade integrado ao Ensino M\u00e9dio: T\u00e9cnico em Paisagismo e\u00a0 T\u00e9cnico em Energias Alternativas. O curso T\u00e9cnico em Paisagismo, foi ofertado no per\u00edodo de 2010 a 2018. No caso do curso T\u00e9cnico em Energias Alternativas houve a necessidade de uma reformula\u00e7\u00e3o estrutural, assim como a altera\u00e7\u00e3o de nomenclatura passando de Energias Alternativas para T\u00e9cnico em Sistemas de Energia Renov\u00e1vel, o qual em 2015 teve in\u00edcio sua implanta\u00e7\u00e3o gradativa.<\/p>\n<p style=\"text-align: justify;\">Em 2022, foi implantado o \u201cNovo Ensino M\u00e9dio\u201d com isso ocorre altera\u00e7\u00e3o nas grades curriculares do curso T\u00e9cnico em Agropecu\u00e1ria que passa a ser chamado de T\u00e9cnico Agr\u00edcola em regime de altern\u00e2ncia e do curso T\u00e9cnico em<br \/>\nSistemas de Energia Renov\u00e1vel que atualmente tem a dura\u00e7\u00e3o de 3 anos.<\/p>\n","protected":false},"excerpt":{"rendered":"<p>HIST\u00d3RICO DA INSTITUI\u00c7\u00c3O O Centro Estadual de Educa\u00e7\u00e3o Profissional Newton Freire Maia, atrav\u00e9s da Resolu\u00e7\u00e3o 894\/05 foi criado em 16 de mar\u00e7o de 2005. Primeiramente chamava-se Col\u00e9gio Estadual Newton Freire Maia &#8211; Ensino M\u00e9dio e Profissional, recebeu este nome em homenagem ao cientista Newton Freire Maia. Posteriormente passou de Col\u00e9gio Estadual Newton Freire Maia \u2013 &hellip; <a href=\"https:\/\/newtonfreiremaia.com.br\/?page_id=15\" class=\"more-link\">Continue lendo <span class=\"screen-reader-text\">Ceep<\/span> <span class=\"meta-nav\">&rarr;<\/span><\/a><\/p>\n","protected":false},"author":1,"featured_media":0,"parent":0,"menu_order":0,"comment_status":"closed","ping_status":"closed","template":"","meta":{"footnotes":""},"class_list":["post-15","page","type-page","status-publish","hentry"],"_links":{"self":[{"href":"https:\/\/newtonfreiremaia.com.br\/index.php?rest_route=\/wp\/v2\/pages\/15","targetHints":{"allow":["GET"]}}],"collection":[{"href":"https:\/\/newtonfreiremaia.com.br\/index.php?rest_route=\/wp\/v2\/pages"}],"about":[{"href":"https:\/\/newtonfreiremaia.com.br\/index.php?rest_route=\/wp\/v2\/types\/page"}],"author":[{"embeddable":true,"href":"https:\/\/newtonfreiremaia.com.br\/index.php?rest_route=\/wp\/v2\/users\/1"}],"replies":[{"embeddable":true,"href":"https:\/\/newtonfreiremaia.com.br\/index.php?rest_route=%2Fwp%2Fv2%2Fcomments&post=15"}],"version-history":[{"count":17,"href":"https:\/\/newtonfreiremaia.com.br\/index.php?rest_route=\/wp\/v2\/pages\/15\/revisions"}],"predecessor-version":[{"id":1069,"href":"https:\/\/newtonfreiremaia.com.br\/index.php?rest_route=\/wp\/v2\/pages\/15\/revisions\/1069"}],"wp:attachment":[{"href":"https:\/\/newtonfreiremaia.com.br\/index.php?rest_route=%2Fwp%2Fv2%2Fmedia&parent=15"}],"curies":[{"name":"wp","href":"https:\/\/api.w.org\/{rel}","templated":true}]}}