{"id":1356,"date":"2025-07-31T17:53:38","date_gmt":"2025-07-31T17:53:38","guid":{"rendered":"http:\/\/newtonfreiremaia.com.br\/feira-de-profissoes\/?page_id=1356"},"modified":"2025-07-31T18:56:42","modified_gmt":"2025-07-31T18:56:42","slug":"defs-dispositivo-eletronico-de-fumar","status":"publish","type":"page","link":"https:\/\/newtonfreiremaia.com.br\/?page_id=1356","title":{"rendered":"DEF\u00b4s (Dispositivo Eletr\u00f4nico de Fumar)"},"content":{"rendered":"\n<p style=\"text-align:center\"><strong>ANTES DE REALIZAR O DOWNLOAD DO DOCUMENTO, SUGERIMOS FAZER A LEITURA DOS DOCUMENTOS ANTERIORES, DA SECRETAREIA DE EDUCA\u00c7\u00c3O E DO MINIST\u00c9RIO P\u00daBLICO.<\/strong><\/p>\n\n\n\n<p style=\"text-align:center\">Para as fam\u00edlias que desejarem, disponibilizarem c\u00f3pia na secretaria do Col\u00e9gio para retirar.<\/p>\n\n\n\n<div class=\"wp-block-file aligncenter\"><a href=\"http:\/\/newtonfreiremaia.com.br\/wp-content\/uploads\/2025\/07\/DEFs-PERGUNTAS-E-RESPOSTAS_atual.docx1_.pdf\">DEFs PERGUNTAS E RESPOSTAS<\/a><a href=\"http:\/\/newtonfreiremaia.com.br\/wp-content\/uploads\/2025\/07\/DEFs-PERGUNTAS-E-RESPOSTAS_atual.docx1_.pdf\" class=\"wp-block-file__button\" download>Baixar<\/a><\/div>\n\n\n\n<div class=\"wp-block-file aligncenter\"><a href=\"http:\/\/newtonfreiremaia.com.br\/wp-content\/uploads\/2025\/07\/MP-Nota-Conjunta-01-2025-DEFs-e-ato-infracional-5-2.pdf\">MP-Nota Conjunta 01-2025 &#8211; DEFs e ato infracional <\/a><a href=\"http:\/\/newtonfreiremaia.com.br\/wp-content\/uploads\/2025\/07\/MP-Nota-Conjunta-01-2025-DEFs-e-ato-infracional-5-2.pdf\" class=\"wp-block-file__button\" download>Baixar<\/a><\/div>\n\n\n\n<div class=\"wp-block-file aligncenter\"><a href=\"http:\/\/newtonfreiremaia.com.br\/wp-content\/uploads\/2025\/07\/Fluxo-DEFs-Nota-080-2025.pdf\">Fluxo DEFs Nota 080-2025<\/a><a href=\"http:\/\/newtonfreiremaia.com.br\/wp-content\/uploads\/2025\/07\/Fluxo-DEFs-Nota-080-2025.pdf\" class=\"wp-block-file__button\" download>Baixar<\/a><\/div>\n\n\n\n<p style=\"text-align:center\"><strong>DOCUMENTO PARA FAZER DOWNLOAD, PREENCHER, ASSINAR E ENTREGAR NA SECRETARIA DO COL\u00c9GIO.<\/strong><br><\/p>\n\n\n\n<div class=\"wp-block-file aligncenter\"><a href=\"http:\/\/newtonfreiremaia.com.br\/wp-content\/uploads\/2025\/07\/1-TERMO-DE-CI\u00caNCIA-E-RESPONSABILIDADE.pdf\">TERMO DE CI\u00caNCIA E RESPONSABILIDADE<\/a><a href=\"http:\/\/newtonfreiremaia.com.br\/wp-content\/uploads\/2025\/07\/1-TERMO-DE-CI\u00caNCIA-E-RESPONSABILIDADE.pdf\" class=\"wp-block-file__button\" download>Baixar<\/a><\/div>\n","protected":false},"excerpt":{"rendered":"<p>ANTES DE REALIZAR O DOWNLOAD DO DOCUMENTO, SUGERIMOS FAZER A LEITURA DOS DOCUMENTOS ANTERIORES, DA SECRETAREIA DE EDUCA\u00c7\u00c3O E DO MINIST\u00c9RIO P\u00daBLICO. Para as fam\u00edlias que desejarem, disponibilizarem c\u00f3pia na secretaria do Col\u00e9gio para retirar. DOCUMENTO PARA FAZER DOWNLOAD, PREENCHER, ASSINAR E ENTREGAR NA SECRETARIA DO COL\u00c9GIO.<\/p>\n","protected":false},"author":1,"featured_media":0,"parent":0,"menu_order":0,"comment_status":"closed","ping_status":"closed","template":"","meta":{"footnotes":""},"class_list":["post-1356","page","type-page","status-publish","hentry"],"_links":{"self":[{"href":"https:\/\/newtonfreiremaia.com.br\/index.php?rest_route=\/wp\/v2\/pages\/1356","targetHints":{"allow":["GET"]}}],"collection":[{"href":"https:\/\/newtonfreiremaia.com.br\/index.php?rest_route=\/wp\/v2\/pages"}],"about":[{"href":"https:\/\/newtonfreiremaia.com.br\/index.php?rest_route=\/wp\/v2\/types\/page"}],"author":[{"embeddable":true,"href":"https:\/\/newtonfreiremaia.com.br\/index.php?rest_route=\/wp\/v2\/users\/1"}],"replies":[{"embeddable":true,"href":"https:\/\/newtonfreiremaia.com.br\/index.php?rest_route=%2Fwp%2Fv2%2Fcomments&post=1356"}],"version-history":[{"count":5,"href":"https:\/\/newtonfreiremaia.com.br\/index.php?rest_route=\/wp\/v2\/pages\/1356\/revisions"}],"predecessor-version":[{"id":1370,"href":"https:\/\/newtonfreiremaia.com.br\/index.php?rest_route=\/wp\/v2\/pages\/1356\/revisions\/1370"}],"wp:attachment":[{"href":"https:\/\/newtonfreiremaia.com.br\/index.php?rest_route=%2Fwp%2Fv2%2Fmedia&parent=1356"}],"curies":[{"name":"wp","href":"https:\/\/api.w.org\/{rel}","templated":true}]}}