{"id":1259,"date":"2024-10-30T19:31:00","date_gmt":"2024-10-30T19:31:00","guid":{"rendered":"http:\/\/newtonfreiremaia.com.br\/?page_id=1259"},"modified":"2025-05-22T13:27:18","modified_gmt":"2025-05-22T13:27:18","slug":"encontro-de-egressos-e-cavalgada","status":"publish","type":"page","link":"https:\/\/newtonfreiremaia.com.br\/?page_id=1259","title":{"rendered":"Encontro de Egressos e Cavalgada"},"content":{"rendered":"\n<figure class=\"wp-block-image\"><img loading=\"lazy\" decoding=\"async\" width=\"1024\" height=\"1024\" src=\"http:\/\/newtonfreiremaia.com.br\/wp-content\/uploads\/2024\/10\/CEEP-NFM-30112024-1024x1024.png\" alt=\"\" class=\"wp-image-1262\" srcset=\"https:\/\/newtonfreiremaia.com.br\/wp-content\/uploads\/2024\/10\/CEEP-NFM-30112024-1024x1024.png 1024w, https:\/\/newtonfreiremaia.com.br\/wp-content\/uploads\/2024\/10\/CEEP-NFM-30112024-150x150.png 150w, https:\/\/newtonfreiremaia.com.br\/wp-content\/uploads\/2024\/10\/CEEP-NFM-30112024-300x300.png 300w, https:\/\/newtonfreiremaia.com.br\/wp-content\/uploads\/2024\/10\/CEEP-NFM-30112024-768x768.png 768w, https:\/\/newtonfreiremaia.com.br\/wp-content\/uploads\/2024\/10\/CEEP-NFM-30112024-500x500.png 500w, https:\/\/newtonfreiremaia.com.br\/wp-content\/uploads\/2024\/10\/CEEP-NFM-30112024.png 1080w\" sizes=\"auto, (max-width: 1024px) 100vw, 1024px\" \/><\/figure>\n\n\n\n<h4 class=\"wp-block-heading\">DIA 30\/11<br> <br>           O CEEP estar\u00e1 realizando o Primeiro Encontro de Egressos e Cavalgada. <br>         Ser\u00e1 aberto para a comunidade. <br>         No mesmo dia teremos almo\u00e7o vendido antecipadamente at\u00e9 dia 22\/11 (R$40,00) e o sorteio da Rifa que est\u00e1 sendo divulgada a seguir. <br>          TODOS os que foram participar do evento, independentemente de irem \u00e0 cavalgada ou n\u00e3o, devem preencher a inscri\u00e7\u00e3o.    <br> <br><a href=\"https:\/\/forms.gle\/ePVsPG73sEZdedJN9\">LINK PARA A INSCRI\u00c7\u00c3O NO EVENTO<\/a><br>      <br>          Para os que forem na cavalgada, ter\u00e1 um grupo de WhatsApp para organiza\u00e7\u00e3o das sa\u00eddas de cada munic\u00edpio. <br>          <br>           Aguardamos todos voc\u00eas. <\/h4>\n\n\n\n<h2 class=\"wp-block-heading\"> Seguem outros links<\/h2>\n\n\n\n<h3 class=\"wp-block-heading\"><a href=\"https:\/\/forms.gle\/dNcN6idqNXxwUxta9\">ALMO\u00c7O<\/a><br><br><a href=\"https:\/\/r321.app\/s\/26C0Eb1\">RIFA<\/a><br><br><a href=\"https:\/\/chat.whatsapp.com\/HFNUFsLCeQy7YMHuNbUTQB\">CAVALGADA (grupo)<\/a><\/h3>\n\n\n\n<p><\/p>\n","protected":false},"excerpt":{"rendered":"<p>DIA 30\/11 O CEEP estar\u00e1 realizando o Primeiro Encontro de Egressos e Cavalgada. Ser\u00e1 aberto para a comunidade. No mesmo dia teremos almo\u00e7o vendido antecipadamente at\u00e9 dia 22\/11 (R$40,00) e o sorteio da Rifa que est\u00e1 sendo divulgada a seguir. TODOS os que foram participar do evento, independentemente de irem \u00e0 cavalgada ou n\u00e3o, devem &hellip; <a href=\"https:\/\/newtonfreiremaia.com.br\/?page_id=1259\" class=\"more-link\">Continue lendo <span class=\"screen-reader-text\">Encontro de Egressos e Cavalgada<\/span> <span class=\"meta-nav\">&rarr;<\/span><\/a><\/p>\n","protected":false},"author":1,"featured_media":0,"parent":0,"menu_order":11,"comment_status":"closed","ping_status":"closed","template":"","meta":{"footnotes":""},"class_list":["post-1259","page","type-page","status-publish","hentry"],"_links":{"self":[{"href":"https:\/\/newtonfreiremaia.com.br\/index.php?rest_route=\/wp\/v2\/pages\/1259","targetHints":{"allow":["GET"]}}],"collection":[{"href":"https:\/\/newtonfreiremaia.com.br\/index.php?rest_route=\/wp\/v2\/pages"}],"about":[{"href":"https:\/\/newtonfreiremaia.com.br\/index.php?rest_route=\/wp\/v2\/types\/page"}],"author":[{"embeddable":true,"href":"https:\/\/newtonfreiremaia.com.br\/index.php?rest_route=\/wp\/v2\/users\/1"}],"replies":[{"embeddable":true,"href":"https:\/\/newtonfreiremaia.com.br\/index.php?rest_route=%2Fwp%2Fv2%2Fcomments&post=1259"}],"version-history":[{"count":2,"href":"https:\/\/newtonfreiremaia.com.br\/index.php?rest_route=\/wp\/v2\/pages\/1259\/revisions"}],"predecessor-version":[{"id":1264,"href":"https:\/\/newtonfreiremaia.com.br\/index.php?rest_route=\/wp\/v2\/pages\/1259\/revisions\/1264"}],"wp:attachment":[{"href":"https:\/\/newtonfreiremaia.com.br\/index.php?rest_route=%2Fwp%2Fv2%2Fmedia&parent=1259"}],"curies":[{"name":"wp","href":"https:\/\/api.w.org\/{rel}","templated":true}]}}